{"id":10,"date":"2025-12-10T09:09:48","date_gmt":"2025-12-10T09:09:48","guid":{"rendered":"https:\/\/autocaresmallabia.rkinformatika.online\/?page_id=10"},"modified":"2025-12-11T15:51:37","modified_gmt":"2025-12-11T15:51:37","slug":"inicio","status":"publish","type":"page","link":"https:\/\/autocaresmallabia.com\/eu\/","title":{"rendered":"Hasiera"},"content":{"rendered":"<div data-elementor-type=\"wp-page\" data-elementor-id=\"10\" class=\"elementor elementor-10\" data-elementor-post-type=\"page\">\n\t\t\t\t<div class=\"elementor-element elementor-element-2bf8060 e-flex e-con-boxed e-con e-parent\" data-id=\"2bf8060\" data-element_type=\"container\" data-e-type=\"container\" data-settings=\"{&quot;background_background&quot;:&quot;classic&quot;}\">\n\t\t\t\t\t<div class=\"e-con-inner\">\n\t\t\t\t<div class=\"elementor-element elementor-element-a8e48be elementor-icon-list--layout-inline animated-slow elementor-list-item-link-full_width elementor-invisible elementor-widget elementor-widget-icon-list\" data-id=\"a8e48be\" data-element_type=\"widget\" data-e-type=\"widget\" data-settings=\"{&quot;_animation&quot;:&quot;fadeInLeft&quot;}\" data-widget_type=\"icon-list.default\">\n\t\t\t\t\t\t\t<ul class=\"elementor-icon-list-items elementor-inline-items\">\n\t\t\t\t\t\t\t<li class=\"elementor-icon-list-item elementor-inline-item\">\n\t\t\t\t\t\t\t\t\t\t\t<span class=\"elementor-icon-list-icon\">\n\t\t\t\t\t\t\t<svg aria-hidden=\"true\" class=\"e-font-icon-svg e-fas-minus\" viewbox=\"0 0 448 512\" xmlns=\"http:\/\/www.w3.org\/2000\/svg\"><path d=\"M416 208H32c-17.67 0-32 14.33-32 32v32c0 17.67 14.33 32 32 32h384c17.67 0 32-14.33 32-32v-32c0-17.67-14.33-32-32-32z\"><\/path><\/svg>\t\t\t\t\t\t<\/span>\n\t\t\t\t\t\t\t\t\t\t<span class=\"elementor-icon-list-text\">1979tik<\/span>\n\t\t\t\t\t\t\t\t\t<\/li>\n\t\t\t\t\t\t<\/ul>\n\t\t\t\t\t\t<\/div>\n\t\t\t\t<div class=\"elementor-element elementor-element-8f71476 animated-slow elementor-invisible elementor-widget elementor-widget-heading\" data-id=\"8f71476\" data-element_type=\"widget\" data-e-type=\"widget\" data-settings=\"{&quot;_animation&quot;:&quot;fadeInRight&quot;}\" data-widget_type=\"heading.default\">\n\t\t\t\t\t<h2 class=\"elementor-heading-title elementor-size-default\">AUTOCARES MALLABIA SL<\/h2>\t\t\t\t<\/div>\n\t\t\t\t<div class=\"elementor-element elementor-element-4371f1d animated-slow elementor-invisible elementor-widget elementor-widget-heading\" data-id=\"4371f1d\" data-element_type=\"widget\" data-e-type=\"widget\" data-settings=\"{&quot;_animation&quot;:&quot;fadeInUp&quot;}\" data-widget_type=\"heading.default\">\n\t\t\t\t\t<h2 class=\"elementor-heading-title elementor-size-default\">Errepideko bidaiarien garraioa <\/h2>\t\t\t\t<\/div>\n\t\t\t\t\t<\/div>\n\t\t\t\t<\/div>\n\t\t<div class=\"elementor-element elementor-element-fca7fca e-flex e-con-boxed e-con e-parent\" data-id=\"fca7fca\" data-element_type=\"container\" data-e-type=\"container\">\n\t\t\t\t\t<div class=\"e-con-inner\">\n\t\t<div class=\"elementor-element elementor-element-0cc4851 e-con-full e-flex e-con e-child\" data-id=\"0cc4851\" data-element_type=\"container\" data-e-type=\"container\">\n\t\t\t\t<div class=\"elementor-element elementor-element-cbf4e35 elementor-widget elementor-widget-image\" data-id=\"cbf4e35\" data-element_type=\"widget\" data-e-type=\"widget\" data-widget_type=\"image.default\">\n\t\t\t\t\t\t\t\t\t\t\t\t\t\t\t<img fetchpriority=\"high\" decoding=\"async\" width=\"876\" height=\"467\" src=\"https:\/\/autocaresmallabia.com\/wp-content\/uploads\/2025\/12\/7b5efae2-c150-4092-a828-2baec6345bd4.jpeg\" class=\"attachment-2048x2048 size-2048x2048 wp-image-882\" alt=\"\" srcset=\"https:\/\/autocaresmallabia.com\/wp-content\/uploads\/2025\/12\/7b5efae2-c150-4092-a828-2baec6345bd4.jpeg 876w, https:\/\/autocaresmallabia.com\/wp-content\/uploads\/2025\/12\/7b5efae2-c150-4092-a828-2baec6345bd4-300x160.jpeg 300w, https:\/\/autocaresmallabia.com\/wp-content\/uploads\/2025\/12\/7b5efae2-c150-4092-a828-2baec6345bd4-768x409.jpeg 768w, https:\/\/autocaresmallabia.com\/wp-content\/uploads\/2025\/12\/7b5efae2-c150-4092-a828-2baec6345bd4-18x10.jpeg 18w\" sizes=\"(max-width: 876px) 100vw, 876px\" \/>\t\t\t\t\t\t\t\t\t\t\t\t\t\t\t<\/div>\n\t\t\t\t<\/div>\n\t\t<div class=\"elementor-element elementor-element-9e9a68d e-con-full e-flex e-con e-child\" data-id=\"9e9a68d\" data-element_type=\"container\" data-e-type=\"container\">\n\t\t\t\t<div class=\"elementor-element elementor-element-ad203af elementor-widget elementor-widget-heading\" data-id=\"ad203af\" data-element_type=\"widget\" data-e-type=\"widget\" data-widget_type=\"heading.default\">\n\t\t\t\t\t<h2 class=\"elementor-heading-title elementor-size-default\">Guri Buruz<\/h2>\t\t\t\t<\/div>\n\t\t\t\t<div class=\"elementor-element elementor-element-bcf5dc4 elementor-widget elementor-widget-text-editor\" data-id=\"bcf5dc4\" data-element_type=\"widget\" data-e-type=\"widget\" data-widget_type=\"text-editor.default\">\n\t\t\t\t\t\t\t\t\t<p data-start=\"0\" data-end=\"249\">Bidaiariak errepidez garraiatzeko familia enpresa bat gara 1979tik, Durangon oinarritua. Urte hauetan zehar hazi egin gara, hurbiltasuna, konfiantza eta tratu pertsonalizatua ezaugarri gisa mantenduz.<\/p><p data-start=\"251\" data-end=\"440\" data-is-last-node=\"\" data-is-only-node=\"\">Eskola-garraioko, laneko garraioko eta eskatu ahalako garraioko zerbitzuak eskaintzen ditugu kirol-klub eta ezkontzetarako, betiere segurtasunarekin, puntualtasunarekin eta bidaia bakoitzaren erosotasunarekin konprometituta.<\/p>\t\t\t\t\t\t\t\t<\/div>\n\t\t\t\t<\/div>\n\t\t\t\t\t<\/div>\n\t\t\t\t<\/div>\n\t\t<div class=\"elementor-element elementor-element-7f07134 e-flex e-con-boxed e-con e-parent\" data-id=\"7f07134\" data-element_type=\"container\" data-e-type=\"container\" data-settings=\"{&quot;background_background&quot;:&quot;classic&quot;}\">\n\t\t\t\t\t<div class=\"e-con-inner\">\n\t\t\t\t<div class=\"elementor-element elementor-element-8c25867 elementor-widget elementor-widget-heading\" data-id=\"8c25867\" data-element_type=\"widget\" data-e-type=\"widget\" data-widget_type=\"heading.default\">\n\t\t\t\t\t<h2 class=\"elementor-heading-title elementor-size-default\">Autobus eroso eta seguru baten bila zabiltzate?<\/h2>\t\t\t\t<\/div>\n\t\t\t\t<div class=\"elementor-element elementor-element-bec8f89 elementor-widget elementor-widget-text-editor\" data-id=\"bec8f89\" data-element_type=\"widget\" data-e-type=\"widget\" data-widget_type=\"text-editor.default\">\n\t\t\t\t\t\t\t\t\t<p>Sartu eta aztertu gure zerbitzuak.<\/p>\t\t\t\t\t\t\t\t<\/div>\n\t\t\t\t<div class=\"elementor-element elementor-element-77f5f68 elementor-align-center elementor-widget elementor-widget-button\" data-id=\"77f5f68\" data-element_type=\"widget\" data-e-type=\"widget\" data-widget_type=\"button.default\">\n\t\t\t\t\t\t\t\t\t\t<a class=\"elementor-button elementor-button-link elementor-size-sm elementor-animation-wobble-horizontal\" href=\"\/eu\/servicios\/\">\n\t\t\t\t\t\t<span class=\"elementor-button-content-wrapper\">\n\t\t\t\t\t\t\t\t\t<span class=\"elementor-button-text\">Ikusi zerbitzuak<\/span>\n\t\t\t\t\t<\/span>\n\t\t\t\t\t<\/a>\n\t\t\t\t\t\t\t\t<\/div>\n\t\t\t\t\t<\/div>\n\t\t\t\t<\/div>\n\t\t\t\t<\/div>","protected":false},"excerpt":{"rendered":"<p>Desde 1979 AUTOCARES MALLABIA SL Transporte de viajeros por carretera Sobre Nosotros Somos una empresa familiar de transporte de viajeros por carretera desde 1979, con base en Durango. A lo largo de estos a\u00f1os hemos crecido manteniendo la cercan\u00eda, la confianza y el trato personalizado como se\u00f1as de identidad. Ofrecemos servicios de transporte escolar, laboral, [&hellip;]<\/p>\n","protected":false},"author":1,"featured_media":0,"parent":0,"menu_order":0,"comment_status":"closed","ping_status":"closed","template":"elementor_canvas","meta":{"footnotes":""},"class_list":["post-10","page","type-page","status-publish","hentry"],"yoast_head":"<!-- This site is optimized with the Yoast SEO plugin v27.3 - https:\/\/yoast.com\/product\/yoast-seo-wordpress\/ -->\n<title>Inicio - Autocares Mallabia SL<\/title>\n<meta name=\"robots\" content=\"index, follow, max-snippet:-1, max-image-preview:large, max-video-preview:-1\" \/>\n<link rel=\"canonical\" href=\"https:\/\/autocaresmallabia.com\/eu\/\" \/>\n<meta property=\"og:locale\" content=\"en_US\" \/>\n<meta property=\"og:type\" content=\"article\" \/>\n<meta property=\"og:title\" content=\"Inicio - Autocares Mallabia SL\" \/>\n<meta property=\"og:description\" content=\"Desde 1979 AUTOCARES MALLABIA SL Transporte de viajeros por carretera Sobre Nosotros Somos una empresa familiar de transporte de viajeros por carretera desde 1979, con base en Durango. A lo largo de estos a\u00f1os hemos crecido manteniendo la cercan\u00eda, la confianza y el trato personalizado como se\u00f1as de identidad. Ofrecemos servicios de transporte escolar, laboral, [&hellip;]\" \/>\n<meta property=\"og:url\" content=\"https:\/\/autocaresmallabia.com\/eu\/\" \/>\n<meta property=\"og:site_name\" content=\"Autocares Mallabia SL\" \/>\n<meta property=\"article:modified_time\" content=\"2025-12-11T15:51:37+00:00\" \/>\n<meta property=\"og:image\" content=\"https:\/\/autocaresmallabia.com\/wp-content\/uploads\/2025\/12\/7b5efae2-c150-4092-a828-2baec6345bd4.jpeg\" \/>\n<meta name=\"twitter:card\" content=\"summary_large_image\" \/>\n<meta name=\"twitter:label1\" content=\"Est. reading time\" \/>\n\t<meta name=\"twitter:data1\" content=\"1 minutua\" \/>\n<script type=\"application\/ld+json\" class=\"yoast-schema-graph\">{\"@context\":\"https:\\\/\\\/schema.org\",\"@graph\":[{\"@type\":\"WebPage\",\"@id\":\"https:\\\/\\\/autocaresmallabia.com\\\/\",\"url\":\"https:\\\/\\\/autocaresmallabia.com\\\/\",\"name\":\"Inicio - Autocares Mallabia SL\",\"isPartOf\":{\"@id\":\"https:\\\/\\\/autocaresmallabia.com\\\/#website\"},\"primaryImageOfPage\":{\"@id\":\"https:\\\/\\\/autocaresmallabia.com\\\/#primaryimage\"},\"image\":{\"@id\":\"https:\\\/\\\/autocaresmallabia.com\\\/#primaryimage\"},\"thumbnailUrl\":\"https:\\\/\\\/autocaresmallabia.com\\\/wp-content\\\/uploads\\\/2025\\\/12\\\/7b5efae2-c150-4092-a828-2baec6345bd4.jpeg\",\"datePublished\":\"2025-12-10T09:09:48+00:00\",\"dateModified\":\"2025-12-11T15:51:37+00:00\",\"breadcrumb\":{\"@id\":\"https:\\\/\\\/autocaresmallabia.com\\\/#breadcrumb\"},\"inLanguage\":\"eu\",\"potentialAction\":[{\"@type\":\"ReadAction\",\"target\":[\"https:\\\/\\\/autocaresmallabia.com\\\/\"]}]},{\"@type\":\"ImageObject\",\"inLanguage\":\"eu\",\"@id\":\"https:\\\/\\\/autocaresmallabia.com\\\/#primaryimage\",\"url\":\"https:\\\/\\\/autocaresmallabia.com\\\/wp-content\\\/uploads\\\/2025\\\/12\\\/7b5efae2-c150-4092-a828-2baec6345bd4.jpeg\",\"contentUrl\":\"https:\\\/\\\/autocaresmallabia.com\\\/wp-content\\\/uploads\\\/2025\\\/12\\\/7b5efae2-c150-4092-a828-2baec6345bd4.jpeg\"},{\"@type\":\"BreadcrumbList\",\"@id\":\"https:\\\/\\\/autocaresmallabia.com\\\/#breadcrumb\",\"itemListElement\":[{\"@type\":\"ListItem\",\"position\":1,\"name\":\"Portada\",\"item\":\"https:\\\/\\\/autocaresmallabia.com\\\/\"},{\"@type\":\"ListItem\",\"position\":2,\"name\":\"Inicio\"}]},{\"@type\":\"WebSite\",\"@id\":\"https:\\\/\\\/autocaresmallabia.com\\\/#website\",\"url\":\"https:\\\/\\\/autocaresmallabia.com\\\/\",\"name\":\"Autocares Mallabia SL\",\"description\":\"\",\"publisher\":{\"@id\":\"https:\\\/\\\/autocaresmallabia.com\\\/#organization\"},\"potentialAction\":[{\"@type\":\"SearchAction\",\"target\":{\"@type\":\"EntryPoint\",\"urlTemplate\":\"https:\\\/\\\/autocaresmallabia.com\\\/?s={search_term_string}\"},\"query-input\":{\"@type\":\"PropertyValueSpecification\",\"valueRequired\":true,\"valueName\":\"search_term_string\"}}],\"inLanguage\":\"eu\"},{\"@type\":\"Organization\",\"@id\":\"https:\\\/\\\/autocaresmallabia.com\\\/#organization\",\"name\":\"Autocares Mallabia SL\",\"url\":\"https:\\\/\\\/autocaresmallabia.com\\\/\",\"logo\":{\"@type\":\"ImageObject\",\"inLanguage\":\"eu\",\"@id\":\"https:\\\/\\\/autocaresmallabia.com\\\/#\\\/schema\\\/logo\\\/image\\\/\",\"url\":\"https:\\\/\\\/autocaresmallabia.com\\\/wp-content\\\/uploads\\\/2025\\\/12\\\/cropped-2.png\",\"contentUrl\":\"https:\\\/\\\/autocaresmallabia.com\\\/wp-content\\\/uploads\\\/2025\\\/12\\\/cropped-2.png\",\"width\":500,\"height\":143,\"caption\":\"Autocares Mallabia SL\"},\"image\":{\"@id\":\"https:\\\/\\\/autocaresmallabia.com\\\/#\\\/schema\\\/logo\\\/image\\\/\"}}]}<\/script>\n<!-- \/ Yoast SEO plugin. -->","yoast_head_json":{"title":"Inicio - Autocares Mallabia SL","robots":{"index":"index","follow":"follow","max-snippet":"max-snippet:-1","max-image-preview":"max-image-preview:large","max-video-preview":"max-video-preview:-1"},"canonical":"https:\/\/autocaresmallabia.com\/eu\/","og_locale":"en_US","og_type":"article","og_title":"Inicio - Autocares Mallabia SL","og_description":"Desde 1979 AUTOCARES MALLABIA SL Transporte de viajeros por carretera Sobre Nosotros Somos una empresa familiar de transporte de viajeros por carretera desde 1979, con base en Durango. A lo largo de estos a\u00f1os hemos crecido manteniendo la cercan\u00eda, la confianza y el trato personalizado como se\u00f1as de identidad. Ofrecemos servicios de transporte escolar, laboral, [&hellip;]","og_url":"https:\/\/autocaresmallabia.com\/eu\/","og_site_name":"Autocares Mallabia SL","article_modified_time":"2025-12-11T15:51:37+00:00","og_image":[{"url":"https:\/\/autocaresmallabia.com\/wp-content\/uploads\/2025\/12\/7b5efae2-c150-4092-a828-2baec6345bd4.jpeg","type":"","width":"","height":""}],"twitter_card":"summary_large_image","twitter_misc":{"Est. reading time":"1 minutua"},"schema":{"@context":"https:\/\/schema.org","@graph":[{"@type":"WebPage","@id":"https:\/\/autocaresmallabia.com\/","url":"https:\/\/autocaresmallabia.com\/","name":"Inicio - Autocares Mallabia SL","isPartOf":{"@id":"https:\/\/autocaresmallabia.com\/#website"},"primaryImageOfPage":{"@id":"https:\/\/autocaresmallabia.com\/#primaryimage"},"image":{"@id":"https:\/\/autocaresmallabia.com\/#primaryimage"},"thumbnailUrl":"https:\/\/autocaresmallabia.com\/wp-content\/uploads\/2025\/12\/7b5efae2-c150-4092-a828-2baec6345bd4.jpeg","datePublished":"2025-12-10T09:09:48+00:00","dateModified":"2025-12-11T15:51:37+00:00","breadcrumb":{"@id":"https:\/\/autocaresmallabia.com\/#breadcrumb"},"inLanguage":"eu","potentialAction":[{"@type":"ReadAction","target":["https:\/\/autocaresmallabia.com\/"]}]},{"@type":"ImageObject","inLanguage":"eu","@id":"https:\/\/autocaresmallabia.com\/#primaryimage","url":"https:\/\/autocaresmallabia.com\/wp-content\/uploads\/2025\/12\/7b5efae2-c150-4092-a828-2baec6345bd4.jpeg","contentUrl":"https:\/\/autocaresmallabia.com\/wp-content\/uploads\/2025\/12\/7b5efae2-c150-4092-a828-2baec6345bd4.jpeg"},{"@type":"BreadcrumbList","@id":"https:\/\/autocaresmallabia.com\/#breadcrumb","itemListElement":[{"@type":"ListItem","position":1,"name":"Portada","item":"https:\/\/autocaresmallabia.com\/"},{"@type":"ListItem","position":2,"name":"Inicio"}]},{"@type":"WebSite","@id":"https:\/\/autocaresmallabia.com\/#website","url":"https:\/\/autocaresmallabia.com\/","name":"Autocares Mallabia SL","description":"","publisher":{"@id":"https:\/\/autocaresmallabia.com\/#organization"},"potentialAction":[{"@type":"SearchAction","target":{"@type":"EntryPoint","urlTemplate":"https:\/\/autocaresmallabia.com\/?s={search_term_string}"},"query-input":{"@type":"PropertyValueSpecification","valueRequired":true,"valueName":"search_term_string"}}],"inLanguage":"eu"},{"@type":"Organization","@id":"https:\/\/autocaresmallabia.com\/#organization","name":"Autocares Mallabia SL","url":"https:\/\/autocaresmallabia.com\/","logo":{"@type":"ImageObject","inLanguage":"eu","@id":"https:\/\/autocaresmallabia.com\/#\/schema\/logo\/image\/","url":"https:\/\/autocaresmallabia.com\/wp-content\/uploads\/2025\/12\/cropped-2.png","contentUrl":"https:\/\/autocaresmallabia.com\/wp-content\/uploads\/2025\/12\/cropped-2.png","width":500,"height":143,"caption":"Autocares Mallabia SL"},"image":{"@id":"https:\/\/autocaresmallabia.com\/#\/schema\/logo\/image\/"}}]}},"_links":{"self":[{"href":"https:\/\/autocaresmallabia.com\/eu\/wp-json\/wp\/v2\/pages\/10","targetHints":{"allow":["GET"]}}],"collection":[{"href":"https:\/\/autocaresmallabia.com\/eu\/wp-json\/wp\/v2\/pages"}],"about":[{"href":"https:\/\/autocaresmallabia.com\/eu\/wp-json\/wp\/v2\/types\/page"}],"author":[{"embeddable":true,"href":"https:\/\/autocaresmallabia.com\/eu\/wp-json\/wp\/v2\/users\/1"}],"replies":[{"embeddable":true,"href":"https:\/\/autocaresmallabia.com\/eu\/wp-json\/wp\/v2\/comments?post=10"}],"version-history":[{"count":256,"href":"https:\/\/autocaresmallabia.com\/eu\/wp-json\/wp\/v2\/pages\/10\/revisions"}],"predecessor-version":[{"id":992,"href":"https:\/\/autocaresmallabia.com\/eu\/wp-json\/wp\/v2\/pages\/10\/revisions\/992"}],"wp:attachment":[{"href":"https:\/\/autocaresmallabia.com\/eu\/wp-json\/wp\/v2\/media?parent=10"}],"curies":[{"name":"wp","href":"https:\/\/api.w.org\/{rel}","templated":true}]}}