{"id":13,"date":"2025-12-10T09:13:04","date_gmt":"2025-12-10T09:13:04","guid":{"rendered":"https:\/\/autocaresmallabia.rkinformatika.online\/?page_id=13"},"modified":"2025-12-11T15:10:33","modified_gmt":"2025-12-11T15:10:33","slug":"servicios","status":"publish","type":"page","link":"https:\/\/autocaresmallabia.com\/eu\/servicios\/","title":{"rendered":"Zerbitzuak"},"content":{"rendered":"<div data-elementor-type=\"wp-page\" data-elementor-id=\"13\" class=\"elementor elementor-13\" data-elementor-post-type=\"page\">\n\t\t\t\t<div class=\"elementor-element elementor-element-8599b29 e-flex e-con-boxed e-con e-parent\" data-id=\"8599b29\" data-element_type=\"container\" data-e-type=\"container\" data-settings=\"{&quot;background_background&quot;:&quot;classic&quot;}\">\n\t\t\t\t\t<div class=\"e-con-inner\">\n\t\t\t\t<div class=\"elementor-element elementor-element-4b92d5d animated-slow elementor-invisible elementor-widget elementor-widget-heading\" data-id=\"4b92d5d\" data-element_type=\"widget\" data-e-type=\"widget\" data-settings=\"{&quot;_animation&quot;:&quot;fadeInRight&quot;}\" data-widget_type=\"heading.default\">\n\t\t\t\t\t<h2 class=\"elementor-heading-title elementor-size-default\">Zerbitzuak<\/h2>\t\t\t\t<\/div>\n\t\t\t\t<div class=\"elementor-element elementor-element-00a2a52 elementor-widget elementor-widget-text-editor\" data-id=\"00a2a52\" data-element_type=\"widget\" data-e-type=\"widget\" data-widget_type=\"text-editor.default\">\n\t\t\t\t\t\t\t\t\t<p>Transporte de viajeros por carretera de confianza.<\/p>\t\t\t\t\t\t\t\t<\/div>\n\t\t\t\t\t<\/div>\n\t\t\t\t<\/div>\n\t\t<div class=\"elementor-element elementor-element-ecd1e54 e-flex e-con-boxed e-con e-parent\" data-id=\"ecd1e54\" data-element_type=\"container\" data-e-type=\"container\">\n\t\t\t\t\t<div class=\"e-con-inner\">\n\t\t<div class=\"elementor-element elementor-element-b7ec435 e-con-full e-flex e-con e-child\" data-id=\"b7ec435\" data-element_type=\"container\" data-e-type=\"container\">\n\t\t\t\t<div class=\"elementor-element elementor-element-0676c12 elementor-widget elementor-widget-image\" data-id=\"0676c12\" data-element_type=\"widget\" data-e-type=\"widget\" data-widget_type=\"image.default\">\n\t\t\t\t\t\t\t\t\t\t\t\t\t\t\t<img fetchpriority=\"high\" decoding=\"async\" width=\"900\" height=\"1600\" src=\"https:\/\/autocaresmallabia.com\/wp-content\/uploads\/2025\/12\/035c9bbc-543d-414b-a9f0-792e463017f7.jpeg\" class=\"attachment-2048x2048 size-2048x2048 wp-image-967\" alt=\"\" srcset=\"https:\/\/autocaresmallabia.com\/wp-content\/uploads\/2025\/12\/035c9bbc-543d-414b-a9f0-792e463017f7.jpeg 900w, https:\/\/autocaresmallabia.com\/wp-content\/uploads\/2025\/12\/035c9bbc-543d-414b-a9f0-792e463017f7-169x300.jpeg 169w, https:\/\/autocaresmallabia.com\/wp-content\/uploads\/2025\/12\/035c9bbc-543d-414b-a9f0-792e463017f7-576x1024.jpeg 576w, https:\/\/autocaresmallabia.com\/wp-content\/uploads\/2025\/12\/035c9bbc-543d-414b-a9f0-792e463017f7-768x1365.jpeg 768w, https:\/\/autocaresmallabia.com\/wp-content\/uploads\/2025\/12\/035c9bbc-543d-414b-a9f0-792e463017f7-864x1536.jpeg 864w, https:\/\/autocaresmallabia.com\/wp-content\/uploads\/2025\/12\/035c9bbc-543d-414b-a9f0-792e463017f7-7x12.jpeg 7w\" sizes=\"(max-width: 900px) 100vw, 900px\" \/>\t\t\t\t\t\t\t\t\t\t\t\t\t\t\t<\/div>\n\t\t\t\t<\/div>\n\t\t<div class=\"elementor-element elementor-element-d53e951 e-con-full e-flex e-con e-child\" data-id=\"d53e951\" data-element_type=\"container\" data-e-type=\"container\">\n\t\t\t\t<div class=\"elementor-element elementor-element-6961d68 elementor-widget elementor-widget-heading\" data-id=\"6961d68\" data-element_type=\"widget\" data-e-type=\"widget\" data-widget_type=\"heading.default\">\n\t\t\t\t\t<h2 class=\"elementor-heading-title elementor-size-default\">Ofrecemos servicios de:<\/h2>\t\t\t\t<\/div>\n\t\t\t\t<div class=\"elementor-element elementor-element-7f88bea elementor-icon-list--layout-traditional elementor-list-item-link-full_width elementor-widget elementor-widget-icon-list\" data-id=\"7f88bea\" data-element_type=\"widget\" data-e-type=\"widget\" data-widget_type=\"icon-list.default\">\n\t\t\t\t\t\t\t<ul class=\"elementor-icon-list-items\">\n\t\t\t\t\t\t\t<li class=\"elementor-icon-list-item\">\n\t\t\t\t\t\t\t\t\t\t\t<span class=\"elementor-icon-list-icon\">\n\t\t\t\t\t\t\t<svg aria-hidden=\"true\" class=\"e-font-icon-svg e-fas-check\" viewbox=\"0 0 512 512\" xmlns=\"http:\/\/www.w3.org\/2000\/svg\"><path d=\"M173.898 439.404l-166.4-166.4c-9.997-9.997-9.997-26.206 0-36.204l36.203-36.204c9.997-9.998 26.207-9.998 36.204 0L192 312.69 432.095 72.596c9.997-9.997 26.207-9.997 36.204 0l36.203 36.204c9.997 9.997 9.997 26.206 0 36.204l-294.4 294.401c-9.998 9.997-26.207 9.997-36.204-.001z\"><\/path><\/svg>\t\t\t\t\t\t<\/span>\n\t\t\t\t\t\t\t\t\t\t<span class=\"elementor-icon-list-text\">Transporte escolar<\/span>\n\t\t\t\t\t\t\t\t\t<\/li>\n\t\t\t\t\t\t\t\t<li class=\"elementor-icon-list-item\">\n\t\t\t\t\t\t\t\t\t\t\t<span class=\"elementor-icon-list-icon\">\n\t\t\t\t\t\t\t<svg aria-hidden=\"true\" class=\"e-font-icon-svg e-fas-check\" viewbox=\"0 0 512 512\" xmlns=\"http:\/\/www.w3.org\/2000\/svg\"><path d=\"M173.898 439.404l-166.4-166.4c-9.997-9.997-9.997-26.206 0-36.204l36.203-36.204c9.997-9.998 26.207-9.998 36.204 0L192 312.69 432.095 72.596c9.997-9.997 26.207-9.997 36.204 0l36.203 36.204c9.997 9.997 9.997 26.206 0 36.204l-294.4 294.401c-9.998 9.997-26.207 9.997-36.204-.001z\"><\/path><\/svg>\t\t\t\t\t\t<\/span>\n\t\t\t\t\t\t\t\t\t\t<span class=\"elementor-icon-list-text\">Transporte laboral<\/span>\n\t\t\t\t\t\t\t\t\t<\/li>\n\t\t\t\t\t\t\t\t<li class=\"elementor-icon-list-item\">\n\t\t\t\t\t\t\t\t\t\t\t<span class=\"elementor-icon-list-icon\">\n\t\t\t\t\t\t\t<svg aria-hidden=\"true\" class=\"e-font-icon-svg e-fas-check\" viewbox=\"0 0 512 512\" xmlns=\"http:\/\/www.w3.org\/2000\/svg\"><path d=\"M173.898 439.404l-166.4-166.4c-9.997-9.997-9.997-26.206 0-36.204l36.203-36.204c9.997-9.998 26.207-9.998 36.204 0L192 312.69 432.095 72.596c9.997-9.997 26.207-9.997 36.204 0l36.203 36.204c9.997 9.997 9.997 26.206 0 36.204l-294.4 294.401c-9.998 9.997-26.207 9.997-36.204-.001z\"><\/path><\/svg>\t\t\t\t\t\t<\/span>\n\t\t\t\t\t\t\t\t\t\t<span class=\"elementor-icon-list-text\">Transporte discrecional<\/span>\n\t\t\t\t\t\t\t\t\t<\/li>\n\t\t\t\t\t\t\t\t<li class=\"elementor-icon-list-item\">\n\t\t\t\t\t\t\t\t\t\t\t<span class=\"elementor-icon-list-icon\">\n\t\t\t\t\t\t\t<svg aria-hidden=\"true\" class=\"e-font-icon-svg e-fas-check\" viewbox=\"0 0 512 512\" xmlns=\"http:\/\/www.w3.org\/2000\/svg\"><path d=\"M173.898 439.404l-166.4-166.4c-9.997-9.997-9.997-26.206 0-36.204l36.203-36.204c9.997-9.998 26.207-9.998 36.204 0L192 312.69 432.095 72.596c9.997-9.997 26.207-9.997 36.204 0l36.203 36.204c9.997 9.997 9.997 26.206 0 36.204l-294.4 294.401c-9.998 9.997-26.207 9.997-36.204-.001z\"><\/path><\/svg>\t\t\t\t\t\t<\/span>\n\t\t\t\t\t\t\t\t\t\t<span class=\"elementor-icon-list-text\">Traslados para clubs deportivos<\/span>\n\t\t\t\t\t\t\t\t\t<\/li>\n\t\t\t\t\t\t\t\t<li class=\"elementor-icon-list-item\">\n\t\t\t\t\t\t\t\t\t\t\t<span class=\"elementor-icon-list-icon\">\n\t\t\t\t\t\t\t<svg aria-hidden=\"true\" class=\"e-font-icon-svg e-fas-check\" viewbox=\"0 0 512 512\" xmlns=\"http:\/\/www.w3.org\/2000\/svg\"><path d=\"M173.898 439.404l-166.4-166.4c-9.997-9.997-9.997-26.206 0-36.204l36.203-36.204c9.997-9.998 26.207-9.998 36.204 0L192 312.69 432.095 72.596c9.997-9.997 26.207-9.997 36.204 0l36.203 36.204c9.997 9.997 9.997 26.206 0 36.204l-294.4 294.401c-9.998 9.997-26.207 9.997-36.204-.001z\"><\/path><\/svg>\t\t\t\t\t\t<\/span>\n\t\t\t\t\t\t\t\t\t\t<span class=\"elementor-icon-list-text\">Traslados para bodas<\/span>\n\t\t\t\t\t\t\t\t\t<\/li>\n\t\t\t\t\t\t\t\t<li class=\"elementor-icon-list-item\">\n\t\t\t\t\t\t\t\t\t\t\t<span class=\"elementor-icon-list-icon\">\n\t\t\t\t\t\t\t<svg aria-hidden=\"true\" class=\"e-font-icon-svg e-fas-check\" viewbox=\"0 0 512 512\" xmlns=\"http:\/\/www.w3.org\/2000\/svg\"><path d=\"M173.898 439.404l-166.4-166.4c-9.997-9.997-9.997-26.206 0-36.204l36.203-36.204c9.997-9.998 26.207-9.998 36.204 0L192 312.69 432.095 72.596c9.997-9.997 26.207-9.997 36.204 0l36.203 36.204c9.997 9.997 9.997 26.206 0 36.204l-294.4 294.401c-9.998 9.997-26.207 9.997-36.204-.001z\"><\/path><\/svg>\t\t\t\t\t\t<\/span>\n\t\t\t\t\t\t\t\t\t\t<span class=\"elementor-icon-list-text\">Traslados para todo tipo de eventos<\/span>\n\t\t\t\t\t\t\t\t\t<\/li>\n\t\t\t\t\t\t<\/ul>\n\t\t\t\t\t\t<\/div>\n\t\t\t\t<\/div>\n\t\t\t\t\t<\/div>\n\t\t\t\t<\/div>\n\t\t<div class=\"elementor-element elementor-element-267836f e-flex e-con-boxed e-con e-parent\" data-id=\"267836f\" data-element_type=\"container\" data-e-type=\"container\" data-settings=\"{&quot;background_background&quot;:&quot;classic&quot;}\">\n\t\t\t\t\t<div class=\"e-con-inner\">\n\t\t\t\t<div class=\"elementor-element elementor-element-8782caa elementor-widget elementor-widget-heading\" data-id=\"8782caa\" data-element_type=\"widget\" data-e-type=\"widget\" data-widget_type=\"heading.default\">\n\t\t\t\t\t<h2 class=\"elementor-heading-title elementor-size-default\">\u00bfBuscas autob\u00fas para cualquier tipo de evento?<\/h2>\t\t\t\t<\/div>\n\t\t\t\t<div class=\"elementor-element elementor-element-4c6f16e elementor-widget elementor-widget-text-editor\" data-id=\"4c6f16e\" data-element_type=\"widget\" data-e-type=\"widget\" data-widget_type=\"text-editor.default\">\n\t\t\t\t\t\t\t\t\t<p>Cont\u00e1ctanos para m\u00e1s informaci\u00f3n o para reservar fecha.<\/p>\t\t\t\t\t\t\t\t<\/div>\n\t\t\t\t<div class=\"elementor-element elementor-element-4f7344a elementor-align-center elementor-widget elementor-widget-button\" data-id=\"4f7344a\" data-element_type=\"widget\" data-e-type=\"widget\" data-widget_type=\"button.default\">\n\t\t\t\t\t\t\t\t\t\t<a class=\"elementor-button elementor-button-link elementor-size-sm elementor-animation-wobble-horizontal\" href=\"\/eu\/contacto\/\">\n\t\t\t\t\t\t<span class=\"elementor-button-content-wrapper\">\n\t\t\t\t\t\t\t\t\t<span class=\"elementor-button-text\">Cont\u00e1ctanos<\/span>\n\t\t\t\t\t<\/span>\n\t\t\t\t\t<\/a>\n\t\t\t\t\t\t\t\t<\/div>\n\t\t\t\t\t<\/div>\n\t\t\t\t<\/div>\n\t\t\t\t<\/div>","protected":false},"excerpt":{"rendered":"<p>Servicios Transporte de viajeros por carretera de confianza. Ofrecemos servicios de: Transporte escolar Transporte laboral Transporte discrecional Traslados para clubs deportivos Traslados para bodas Traslados para todo tipo de eventos \u00bfBuscas autob\u00fas para cualquier tipo de evento? Cont\u00e1ctanos para m\u00e1s informaci\u00f3n o para reservar fecha. Cont\u00e1ctanos<\/p>","protected":false},"author":1,"featured_media":0,"parent":0,"menu_order":0,"comment_status":"closed","ping_status":"closed","template":"elementor_canvas","meta":{"footnotes":""},"class_list":["post-13","page","type-page","status-publish","hentry"],"yoast_head":"<!-- This site is optimized with the Yoast SEO plugin v27.5 - https:\/\/yoast.com\/product\/yoast-seo-wordpress\/ -->\n<title>Servicios - Autocares Mallabia SL<\/title>\n<meta name=\"robots\" content=\"index, follow, max-snippet:-1, max-image-preview:large, max-video-preview:-1\" \/>\n<link rel=\"canonical\" href=\"https:\/\/autocaresmallabia.com\/eu\/servicios\/\" \/>\n<meta property=\"og:locale\" content=\"en_US\" \/>\n<meta property=\"og:type\" content=\"article\" \/>\n<meta property=\"og:title\" content=\"Servicios - Autocares Mallabia SL\" \/>\n<meta property=\"og:description\" content=\"Servicios Transporte de viajeros por carretera de confianza. Ofrecemos servicios de: Transporte escolar Transporte laboral Transporte discrecional Traslados para clubs deportivos Traslados para bodas Traslados para todo tipo de eventos \u00bfBuscas autob\u00fas para cualquier tipo de evento? Cont\u00e1ctanos para m\u00e1s informaci\u00f3n o para reservar fecha. Cont\u00e1ctanos\" \/>\n<meta property=\"og:url\" content=\"https:\/\/autocaresmallabia.com\/eu\/servicios\/\" \/>\n<meta property=\"og:site_name\" content=\"Autocares Mallabia SL\" \/>\n<meta property=\"article:modified_time\" content=\"2025-12-11T15:10:33+00:00\" \/>\n<meta property=\"og:image\" content=\"https:\/\/autocaresmallabia.com\/wp-content\/uploads\/2025\/12\/035c9bbc-543d-414b-a9f0-792e463017f7.jpeg\" \/>\n<meta name=\"twitter:card\" content=\"summary_large_image\" \/>\n<meta name=\"twitter:label1\" content=\"Est. reading time\" \/>\n\t<meta name=\"twitter:data1\" content=\"1 minutua\" \/>\n<script type=\"application\/ld+json\" class=\"yoast-schema-graph\">{\"@context\":\"https:\\\/\\\/schema.org\",\"@graph\":[{\"@type\":\"WebPage\",\"@id\":\"https:\\\/\\\/autocaresmallabia.com\\\/servicios\\\/\",\"url\":\"https:\\\/\\\/autocaresmallabia.com\\\/servicios\\\/\",\"name\":\"Servicios - Autocares Mallabia SL\",\"isPartOf\":{\"@id\":\"https:\\\/\\\/autocaresmallabia.com\\\/#website\"},\"primaryImageOfPage\":{\"@id\":\"https:\\\/\\\/autocaresmallabia.com\\\/servicios\\\/#primaryimage\"},\"image\":{\"@id\":\"https:\\\/\\\/autocaresmallabia.com\\\/servicios\\\/#primaryimage\"},\"thumbnailUrl\":\"https:\\\/\\\/autocaresmallabia.com\\\/wp-content\\\/uploads\\\/2025\\\/12\\\/035c9bbc-543d-414b-a9f0-792e463017f7.jpeg\",\"datePublished\":\"2025-12-10T09:13:04+00:00\",\"dateModified\":\"2025-12-11T15:10:33+00:00\",\"breadcrumb\":{\"@id\":\"https:\\\/\\\/autocaresmallabia.com\\\/servicios\\\/#breadcrumb\"},\"inLanguage\":\"eu\",\"potentialAction\":[{\"@type\":\"ReadAction\",\"target\":[\"https:\\\/\\\/autocaresmallabia.com\\\/servicios\\\/\"]}]},{\"@type\":\"ImageObject\",\"inLanguage\":\"eu\",\"@id\":\"https:\\\/\\\/autocaresmallabia.com\\\/servicios\\\/#primaryimage\",\"url\":\"https:\\\/\\\/autocaresmallabia.com\\\/wp-content\\\/uploads\\\/2025\\\/12\\\/035c9bbc-543d-414b-a9f0-792e463017f7.jpeg\",\"contentUrl\":\"https:\\\/\\\/autocaresmallabia.com\\\/wp-content\\\/uploads\\\/2025\\\/12\\\/035c9bbc-543d-414b-a9f0-792e463017f7.jpeg\"},{\"@type\":\"BreadcrumbList\",\"@id\":\"https:\\\/\\\/autocaresmallabia.com\\\/servicios\\\/#breadcrumb\",\"itemListElement\":[{\"@type\":\"ListItem\",\"position\":1,\"name\":\"Portada\",\"item\":\"https:\\\/\\\/autocaresmallabia.com\\\/\"},{\"@type\":\"ListItem\",\"position\":2,\"name\":\"Servicios\"}]},{\"@type\":\"WebSite\",\"@id\":\"https:\\\/\\\/autocaresmallabia.com\\\/#website\",\"url\":\"https:\\\/\\\/autocaresmallabia.com\\\/\",\"name\":\"Autocares Mallabia SL\",\"description\":\"\",\"publisher\":{\"@id\":\"https:\\\/\\\/autocaresmallabia.com\\\/#organization\"},\"potentialAction\":[{\"@type\":\"SearchAction\",\"target\":{\"@type\":\"EntryPoint\",\"urlTemplate\":\"https:\\\/\\\/autocaresmallabia.com\\\/?s={search_term_string}\"},\"query-input\":{\"@type\":\"PropertyValueSpecification\",\"valueRequired\":true,\"valueName\":\"search_term_string\"}}],\"inLanguage\":\"eu\"},{\"@type\":\"Organization\",\"@id\":\"https:\\\/\\\/autocaresmallabia.com\\\/#organization\",\"name\":\"Autocares Mallabia SL\",\"url\":\"https:\\\/\\\/autocaresmallabia.com\\\/\",\"logo\":{\"@type\":\"ImageObject\",\"inLanguage\":\"eu\",\"@id\":\"https:\\\/\\\/autocaresmallabia.com\\\/#\\\/schema\\\/logo\\\/image\\\/\",\"url\":\"https:\\\/\\\/autocaresmallabia.com\\\/wp-content\\\/uploads\\\/2025\\\/12\\\/cropped-2.png\",\"contentUrl\":\"https:\\\/\\\/autocaresmallabia.com\\\/wp-content\\\/uploads\\\/2025\\\/12\\\/cropped-2.png\",\"width\":500,\"height\":143,\"caption\":\"Autocares Mallabia SL\"},\"image\":{\"@id\":\"https:\\\/\\\/autocaresmallabia.com\\\/#\\\/schema\\\/logo\\\/image\\\/\"}}]}<\/script>\n<!-- \/ Yoast SEO plugin. -->","yoast_head_json":{"title":"Servicios - Autocares Mallabia SL","robots":{"index":"index","follow":"follow","max-snippet":"max-snippet:-1","max-image-preview":"max-image-preview:large","max-video-preview":"max-video-preview:-1"},"canonical":"https:\/\/autocaresmallabia.com\/eu\/servicios\/","og_locale":"en_US","og_type":"article","og_title":"Servicios - Autocares Mallabia SL","og_description":"Servicios Transporte de viajeros por carretera de confianza. Ofrecemos servicios de: Transporte escolar Transporte laboral Transporte discrecional Traslados para clubs deportivos Traslados para bodas Traslados para todo tipo de eventos \u00bfBuscas autob\u00fas para cualquier tipo de evento? Cont\u00e1ctanos para m\u00e1s informaci\u00f3n o para reservar fecha. Cont\u00e1ctanos","og_url":"https:\/\/autocaresmallabia.com\/eu\/servicios\/","og_site_name":"Autocares Mallabia SL","article_modified_time":"2025-12-11T15:10:33+00:00","og_image":[{"url":"https:\/\/autocaresmallabia.com\/wp-content\/uploads\/2025\/12\/035c9bbc-543d-414b-a9f0-792e463017f7.jpeg","type":"","width":"","height":""}],"twitter_card":"summary_large_image","twitter_misc":{"Est. reading time":"1 minutua"},"schema":{"@context":"https:\/\/schema.org","@graph":[{"@type":"WebPage","@id":"https:\/\/autocaresmallabia.com\/servicios\/","url":"https:\/\/autocaresmallabia.com\/servicios\/","name":"Servicios - Autocares Mallabia SL","isPartOf":{"@id":"https:\/\/autocaresmallabia.com\/#website"},"primaryImageOfPage":{"@id":"https:\/\/autocaresmallabia.com\/servicios\/#primaryimage"},"image":{"@id":"https:\/\/autocaresmallabia.com\/servicios\/#primaryimage"},"thumbnailUrl":"https:\/\/autocaresmallabia.com\/wp-content\/uploads\/2025\/12\/035c9bbc-543d-414b-a9f0-792e463017f7.jpeg","datePublished":"2025-12-10T09:13:04+00:00","dateModified":"2025-12-11T15:10:33+00:00","breadcrumb":{"@id":"https:\/\/autocaresmallabia.com\/servicios\/#breadcrumb"},"inLanguage":"eu","potentialAction":[{"@type":"ReadAction","target":["https:\/\/autocaresmallabia.com\/servicios\/"]}]},{"@type":"ImageObject","inLanguage":"eu","@id":"https:\/\/autocaresmallabia.com\/servicios\/#primaryimage","url":"https:\/\/autocaresmallabia.com\/wp-content\/uploads\/2025\/12\/035c9bbc-543d-414b-a9f0-792e463017f7.jpeg","contentUrl":"https:\/\/autocaresmallabia.com\/wp-content\/uploads\/2025\/12\/035c9bbc-543d-414b-a9f0-792e463017f7.jpeg"},{"@type":"BreadcrumbList","@id":"https:\/\/autocaresmallabia.com\/servicios\/#breadcrumb","itemListElement":[{"@type":"ListItem","position":1,"name":"Portada","item":"https:\/\/autocaresmallabia.com\/"},{"@type":"ListItem","position":2,"name":"Servicios"}]},{"@type":"WebSite","@id":"https:\/\/autocaresmallabia.com\/#website","url":"https:\/\/autocaresmallabia.com\/","name":"Autocares Mallabia SL","description":"","publisher":{"@id":"https:\/\/autocaresmallabia.com\/#organization"},"potentialAction":[{"@type":"SearchAction","target":{"@type":"EntryPoint","urlTemplate":"https:\/\/autocaresmallabia.com\/?s={search_term_string}"},"query-input":{"@type":"PropertyValueSpecification","valueRequired":true,"valueName":"search_term_string"}}],"inLanguage":"eu"},{"@type":"Organization","@id":"https:\/\/autocaresmallabia.com\/#organization","name":"Autocares Mallabia SL","url":"https:\/\/autocaresmallabia.com\/","logo":{"@type":"ImageObject","inLanguage":"eu","@id":"https:\/\/autocaresmallabia.com\/#\/schema\/logo\/image\/","url":"https:\/\/autocaresmallabia.com\/wp-content\/uploads\/2025\/12\/cropped-2.png","contentUrl":"https:\/\/autocaresmallabia.com\/wp-content\/uploads\/2025\/12\/cropped-2.png","width":500,"height":143,"caption":"Autocares Mallabia SL"},"image":{"@id":"https:\/\/autocaresmallabia.com\/#\/schema\/logo\/image\/"}}]}},"_links":{"self":[{"href":"https:\/\/autocaresmallabia.com\/eu\/wp-json\/wp\/v2\/pages\/13","targetHints":{"allow":["GET"]}}],"collection":[{"href":"https:\/\/autocaresmallabia.com\/eu\/wp-json\/wp\/v2\/pages"}],"about":[{"href":"https:\/\/autocaresmallabia.com\/eu\/wp-json\/wp\/v2\/types\/page"}],"author":[{"embeddable":true,"href":"https:\/\/autocaresmallabia.com\/eu\/wp-json\/wp\/v2\/users\/1"}],"replies":[{"embeddable":true,"href":"https:\/\/autocaresmallabia.com\/eu\/wp-json\/wp\/v2\/comments?post=13"}],"version-history":[{"count":268,"href":"https:\/\/autocaresmallabia.com\/eu\/wp-json\/wp\/v2\/pages\/13\/revisions"}],"predecessor-version":[{"id":985,"href":"https:\/\/autocaresmallabia.com\/eu\/wp-json\/wp\/v2\/pages\/13\/revisions\/985"}],"wp:attachment":[{"href":"https:\/\/autocaresmallabia.com\/eu\/wp-json\/wp\/v2\/media?parent=13"}],"curies":[{"name":"wp","href":"https:\/\/api.w.org\/{rel}","templated":true}]}}